{"id":561,"date":"2025-07-02T17:01:52","date_gmt":"2025-07-02T22:01:52","guid":{"rendered":"https:\/\/colsimon.edu.co\/?page_id=561"},"modified":"2025-07-02T20:04:27","modified_gmt":"2025-07-03T01:04:27","slug":"inclusion","status":"publish","type":"page","link":"https:\/\/colsimon.edu.co\/?page_id=561","title":{"rendered":"INCLUSI\u00d3N"},"content":{"rendered":"\t\t<div data-elementor-type=\"wp-page\" data-elementor-id=\"561\" class=\"elementor elementor-561\" data-elementor-post-type=\"page\">\n\t\t\t\t\t\t<section class=\"elementor-section elementor-top-section elementor-element elementor-element-874c81e elementor-section-boxed elementor-section-height-default elementor-section-height-default\" data-id=\"874c81e\" data-element_type=\"section\">\n\t\t\t\t\t\t<div class=\"elementor-container elementor-column-gap-default\">\n\t\t\t\t\t<div class=\"elementor-column elementor-col-50 elementor-top-column elementor-element elementor-element-ddeaadd\" data-id=\"ddeaadd\" data-element_type=\"column\">\n\t\t\t<div class=\"elementor-widget-wrap elementor-element-populated\">\n\t\t\t\t\t\t<div class=\"elementor-element elementor-element-4759034 elementor-widget__width-initial elementor-widget elementor-widget-image\" data-id=\"4759034\" data-element_type=\"widget\" data-widget_type=\"image.default\">\n\t\t\t\t<div class=\"elementor-widget-container\">\n\t\t\t\t\t\t\t\t\t\t\t\t\t\t\t<img fetchpriority=\"high\" decoding=\"async\" width=\"512\" height=\"793\" src=\"https:\/\/colsimon.edu.co\/wp-content\/uploads\/2025\/03\/escudo.png\" class=\"attachment-large size-large wp-image-14\" alt=\"\" srcset=\"https:\/\/colsimon.edu.co\/wp-content\/uploads\/2025\/03\/escudo.png 512w, https:\/\/colsimon.edu.co\/wp-content\/uploads\/2025\/03\/escudo-194x300.png 194w\" sizes=\"(max-width: 512px) 100vw, 512px\" \/>\t\t\t\t\t\t\t\t\t\t\t\t\t\t\t<\/div>\n\t\t\t\t<\/div>\n\t\t\t\t\t<\/div>\n\t\t<\/div>\n\t\t\t\t<div class=\"elementor-column elementor-col-50 elementor-top-column elementor-element elementor-element-57f1edb\" data-id=\"57f1edb\" data-element_type=\"column\">\n\t\t\t<div class=\"elementor-widget-wrap elementor-element-populated\">\n\t\t\t\t\t\t<div class=\"elementor-element elementor-element-4fde9e6 elementor-widget elementor-widget-heading\" data-id=\"4fde9e6\" data-element_type=\"widget\" data-widget_type=\"heading.default\">\n\t\t\t\t<div class=\"elementor-widget-container\">\n\t\t\t\t\t<h2 class=\"elementor-heading-title elementor-size-default\">COLEGIO SIM\u00d3N BOL\u00cdVAR IED<\/h2>\t\t\t\t<\/div>\n\t\t\t\t<\/div>\n\t\t\t\t<div class=\"elementor-element elementor-element-429c211 elementor-nav-menu__align-start elementor-nav-menu__text-align-center elementor-nav-menu--dropdown-tablet elementor-nav-menu--toggle elementor-nav-menu--burger elementor-widget elementor-widget-nav-menu\" data-id=\"429c211\" data-element_type=\"widget\" data-settings=\"{&quot;submenu_icon&quot;:{&quot;value&quot;:&quot;&lt;svg class=\\&quot;fa-svg-chevron-down e-font-icon-svg e-fas-chevron-down\\&quot; viewBox=\\&quot;0 0 448 512\\&quot; xmlns=\\&quot;http:\\\/\\\/www.w3.org\\\/2000\\\/svg\\&quot;&gt;&lt;path d=\\&quot;M207.029 381.476L12.686 187.132c-9.373-9.373-9.373-24.569 0-33.941l22.667-22.667c9.357-9.357 24.522-9.375 33.901-.04L224 284.505l154.745-154.021c9.379-9.335 24.544-9.317 33.901.04l22.667 22.667c9.373 9.373 9.373 24.569 0 33.941L240.971 381.476c-9.373 9.372-24.569 9.372-33.942 0z\\&quot;&gt;&lt;\\\/path&gt;&lt;\\\/svg&gt;&quot;,&quot;library&quot;:&quot;fa-solid&quot;},&quot;layout&quot;:&quot;horizontal&quot;,&quot;toggle&quot;:&quot;burger&quot;}\" data-widget_type=\"nav-menu.default\">\n\t\t\t\t<div class=\"elementor-widget-container\">\n\t\t\t\t\t\t\t\t<nav aria-label=\"Menu\" class=\"elementor-nav-menu--main elementor-nav-menu__container elementor-nav-menu--layout-horizontal e--pointer-none\">\n\t\t\t\t<ul id=\"menu-1-429c211\" class=\"elementor-nav-menu\"><li class=\"menu-item menu-item-type-post_type menu-item-object-page menu-item-home menu-item-187\"><a href=\"https:\/\/colsimon.edu.co\/\" class=\"elementor-item menu-link\">Inicio<\/a><\/li>\n<li class=\"menu-item menu-item-type-custom menu-item-object-custom menu-item-has-children menu-item-231\"><a aria-expanded=\"false\" href=\"#\" class=\"elementor-item elementor-item-anchor menu-link\">Actividades de Nivelaci\u00f3n<\/a>\n<ul class=\"sub-menu elementor-nav-menu--dropdown\">\n\t<li class=\"menu-item menu-item-type-post_type menu-item-object-page menu-item-244\"><a href=\"https:\/\/colsimon.edu.co\/?page_id=21\" class=\"elementor-sub-item menu-link\">ACTIVIDADES DE PRIMER TRIMESTRE<\/a><\/li>\n\t<li class=\"menu-item menu-item-type-post_type menu-item-object-page menu-item-622\"><a href=\"https:\/\/colsimon.edu.co\/?page_id=610\" class=\"elementor-sub-item menu-link\">ACTIVIDADES DE SEGUNDO TRIMESTRE<\/a><\/li>\n<\/ul>\n<\/li>\n<li class=\"menu-item menu-item-type-custom menu-item-object-custom menu-item-has-children menu-item-357\"><a aria-expanded=\"false\" href=\"#\" class=\"elementor-item elementor-item-anchor menu-link\">CIRCULARES<\/a>\n<ul class=\"sub-menu elementor-nav-menu--dropdown\">\n\t<li class=\"menu-item menu-item-type-post_type menu-item-object-page menu-item-890\"><a href=\"https:\/\/colsimon.edu.co\/?page_id=878\" class=\"elementor-sub-item menu-link\">CIRCULARES 2026<\/a><\/li>\n\t<li class=\"menu-item menu-item-type-post_type menu-item-object-page menu-item-358\"><a href=\"https:\/\/colsimon.edu.co\/?page_id=355\" class=\"elementor-sub-item menu-link\">CIRCULARES 2025<\/a><\/li>\n<\/ul>\n<\/li>\n<li class=\"menu-item menu-item-type-custom menu-item-object-custom menu-item-has-children menu-item-560\"><a aria-expanded=\"false\" href=\"#\" class=\"elementor-item elementor-item-anchor menu-link\">EDUCACI\u00d3N<\/a>\n<ul class=\"sub-menu elementor-nav-menu--dropdown\">\n\t<li class=\"menu-item menu-item-type-custom menu-item-object-custom menu-item-410\"><a target=\"_blank\" href=\"https:\/\/www.frajano.com\/simon\/informatica\/\" class=\"elementor-sub-item menu-link\">TECNOLOG\u00cdA E INFORM\u00c1TICA<\/a><\/li>\n\t<li class=\"menu-item menu-item-type-post_type menu-item-object-page menu-item-563\"><a href=\"https:\/\/colsimon.edu.co\/?page_id=561\" class=\"elementor-sub-item menu-link\">INCLUSI\u00d3N<\/a><\/li>\n\t<li class=\"menu-item menu-item-type-post_type menu-item-object-page menu-item-685\"><a href=\"https:\/\/colsimon.edu.co\/?page_id=683\" class=\"elementor-sub-item menu-link\">ACTIVIDAD DE LAS COMETAS<\/a><\/li>\n\t<li class=\"menu-item menu-item-type-post_type menu-item-object-page menu-item-802\"><a href=\"https:\/\/colsimon.edu.co\/?page_id=789\" class=\"elementor-sub-item menu-link\">PEI<\/a><\/li>\n\t<li class=\"menu-item menu-item-type-post_type menu-item-object-page menu-item-595\"><a href=\"https:\/\/colsimon.edu.co\/?page_id=589\" class=\"elementor-sub-item menu-link\">PAE<\/a><\/li>\n\t<li class=\"menu-item menu-item-type-custom menu-item-object-custom menu-item-626\"><a target=\"_blank\" href=\"https:\/\/formularios.educacionbogota.edu.co\/index.php\/121449?lang=es\" class=\"elementor-sub-item menu-link\">SIMPADE<\/a><\/li>\n<\/ul>\n<\/li>\n<li class=\"menu-item menu-item-type-custom menu-item-object-custom menu-item-has-children menu-item-709\"><a aria-expanded=\"false\" href=\"#\" class=\"elementor-item elementor-item-anchor menu-link\">FORO<\/a>\n<ul class=\"sub-menu elementor-nav-menu--dropdown\">\n\t<li class=\"menu-item menu-item-type-post_type menu-item-object-page menu-item-710\"><a href=\"https:\/\/colsimon.edu.co\/?page_id=703\" class=\"elementor-sub-item menu-link\">FORO 2025<\/a><\/li>\n<\/ul>\n<\/li>\n<li class=\"menu-item menu-item-type-post_type menu-item-object-page menu-item-922\"><a href=\"https:\/\/colsimon.edu.co\/?page_id=911\" class=\"elementor-item menu-link\">RENDICI\u00d3N DE CUENTAS<\/a><\/li>\n<\/ul>\t\t\t<\/nav>\n\t\t\t\t\t<div class=\"elementor-menu-toggle\" role=\"button\" tabindex=\"0\" aria-label=\"Menu Toggle\" aria-expanded=\"false\">\n\t\t\t<svg aria-hidden=\"true\" role=\"presentation\" class=\"elementor-menu-toggle__icon--open e-font-icon-svg e-eicon-menu-bar\" viewBox=\"0 0 1000 1000\" xmlns=\"http:\/\/www.w3.org\/2000\/svg\"><path d=\"M104 333H896C929 333 958 304 958 271S929 208 896 208H104C71 208 42 237 42 271S71 333 104 333ZM104 583H896C929 583 958 554 958 521S929 458 896 458H104C71 458 42 487 42 521S71 583 104 583ZM104 833H896C929 833 958 804 958 771S929 708 896 708H104C71 708 42 737 42 771S71 833 104 833Z\"><\/path><\/svg><svg aria-hidden=\"true\" role=\"presentation\" class=\"elementor-menu-toggle__icon--close e-font-icon-svg e-eicon-close\" viewBox=\"0 0 1000 1000\" xmlns=\"http:\/\/www.w3.org\/2000\/svg\"><path d=\"M742 167L500 408 258 167C246 154 233 150 217 150 196 150 179 158 167 167 154 179 150 196 150 212 150 229 154 242 171 254L408 500 167 742C138 771 138 800 167 829 196 858 225 858 254 829L496 587 738 829C750 842 767 846 783 846 800 846 817 842 829 829 842 817 846 804 846 783 846 767 842 750 829 737L588 500 833 258C863 229 863 200 833 171 804 137 775 137 742 167Z\"><\/path><\/svg>\t\t<\/div>\n\t\t\t\t\t<nav class=\"elementor-nav-menu--dropdown elementor-nav-menu__container\" aria-hidden=\"true\">\n\t\t\t\t<ul id=\"menu-2-429c211\" class=\"elementor-nav-menu\"><li class=\"menu-item menu-item-type-post_type menu-item-object-page menu-item-home menu-item-187\"><a href=\"https:\/\/colsimon.edu.co\/\" class=\"elementor-item menu-link\" tabindex=\"-1\">Inicio<\/a><\/li>\n<li class=\"menu-item menu-item-type-custom menu-item-object-custom menu-item-has-children menu-item-231\"><a aria-expanded=\"false\" href=\"#\" class=\"elementor-item elementor-item-anchor menu-link\" tabindex=\"-1\">Actividades de Nivelaci\u00f3n<\/a>\n<ul class=\"sub-menu elementor-nav-menu--dropdown\">\n\t<li class=\"menu-item menu-item-type-post_type menu-item-object-page menu-item-244\"><a href=\"https:\/\/colsimon.edu.co\/?page_id=21\" class=\"elementor-sub-item menu-link\" tabindex=\"-1\">ACTIVIDADES DE PRIMER TRIMESTRE<\/a><\/li>\n\t<li class=\"menu-item menu-item-type-post_type menu-item-object-page menu-item-622\"><a href=\"https:\/\/colsimon.edu.co\/?page_id=610\" class=\"elementor-sub-item menu-link\" tabindex=\"-1\">ACTIVIDADES DE SEGUNDO TRIMESTRE<\/a><\/li>\n<\/ul>\n<\/li>\n<li class=\"menu-item menu-item-type-custom menu-item-object-custom menu-item-has-children menu-item-357\"><a aria-expanded=\"false\" href=\"#\" class=\"elementor-item elementor-item-anchor menu-link\" tabindex=\"-1\">CIRCULARES<\/a>\n<ul class=\"sub-menu elementor-nav-menu--dropdown\">\n\t<li class=\"menu-item menu-item-type-post_type menu-item-object-page menu-item-890\"><a href=\"https:\/\/colsimon.edu.co\/?page_id=878\" class=\"elementor-sub-item menu-link\" tabindex=\"-1\">CIRCULARES 2026<\/a><\/li>\n\t<li class=\"menu-item menu-item-type-post_type menu-item-object-page menu-item-358\"><a href=\"https:\/\/colsimon.edu.co\/?page_id=355\" class=\"elementor-sub-item menu-link\" tabindex=\"-1\">CIRCULARES 2025<\/a><\/li>\n<\/ul>\n<\/li>\n<li class=\"menu-item menu-item-type-custom menu-item-object-custom menu-item-has-children menu-item-560\"><a aria-expanded=\"false\" href=\"#\" class=\"elementor-item elementor-item-anchor menu-link\" tabindex=\"-1\">EDUCACI\u00d3N<\/a>\n<ul class=\"sub-menu elementor-nav-menu--dropdown\">\n\t<li class=\"menu-item menu-item-type-custom menu-item-object-custom menu-item-410\"><a target=\"_blank\" href=\"https:\/\/www.frajano.com\/simon\/informatica\/\" class=\"elementor-sub-item menu-link\" tabindex=\"-1\">TECNOLOG\u00cdA E INFORM\u00c1TICA<\/a><\/li>\n\t<li class=\"menu-item menu-item-type-post_type menu-item-object-page menu-item-563\"><a href=\"https:\/\/colsimon.edu.co\/?page_id=561\" class=\"elementor-sub-item menu-link\" tabindex=\"-1\">INCLUSI\u00d3N<\/a><\/li>\n\t<li class=\"menu-item menu-item-type-post_type menu-item-object-page menu-item-685\"><a href=\"https:\/\/colsimon.edu.co\/?page_id=683\" class=\"elementor-sub-item menu-link\" tabindex=\"-1\">ACTIVIDAD DE LAS COMETAS<\/a><\/li>\n\t<li class=\"menu-item menu-item-type-post_type menu-item-object-page menu-item-802\"><a href=\"https:\/\/colsimon.edu.co\/?page_id=789\" class=\"elementor-sub-item menu-link\" tabindex=\"-1\">PEI<\/a><\/li>\n\t<li class=\"menu-item menu-item-type-post_type menu-item-object-page menu-item-595\"><a href=\"https:\/\/colsimon.edu.co\/?page_id=589\" class=\"elementor-sub-item menu-link\" tabindex=\"-1\">PAE<\/a><\/li>\n\t<li class=\"menu-item menu-item-type-custom menu-item-object-custom menu-item-626\"><a target=\"_blank\" href=\"https:\/\/formularios.educacionbogota.edu.co\/index.php\/121449?lang=es\" class=\"elementor-sub-item menu-link\" tabindex=\"-1\">SIMPADE<\/a><\/li>\n<\/ul>\n<\/li>\n<li class=\"menu-item menu-item-type-custom menu-item-object-custom menu-item-has-children menu-item-709\"><a aria-expanded=\"false\" href=\"#\" class=\"elementor-item elementor-item-anchor menu-link\" tabindex=\"-1\">FORO<\/a>\n<ul class=\"sub-menu elementor-nav-menu--dropdown\">\n\t<li class=\"menu-item menu-item-type-post_type menu-item-object-page menu-item-710\"><a href=\"https:\/\/colsimon.edu.co\/?page_id=703\" class=\"elementor-sub-item menu-link\" tabindex=\"-1\">FORO 2025<\/a><\/li>\n<\/ul>\n<\/li>\n<li class=\"menu-item menu-item-type-post_type menu-item-object-page menu-item-922\"><a href=\"https:\/\/colsimon.edu.co\/?page_id=911\" class=\"elementor-item menu-link\" tabindex=\"-1\">RENDICI\u00d3N DE CUENTAS<\/a><\/li>\n<\/ul>\t\t\t<\/nav>\n\t\t\t\t\t\t<\/div>\n\t\t\t\t<\/div>\n\t\t\t\t\t<\/div>\n\t\t<\/div>\n\t\t\t\t\t<\/div>\n\t\t<\/section>\n\t\t\t\t<section class=\"elementor-section elementor-top-section elementor-element elementor-element-ededf4a elementor-section-boxed elementor-section-height-default elementor-section-height-default\" data-id=\"ededf4a\" data-element_type=\"section\">\n\t\t\t\t\t\t<div class=\"elementor-container elementor-column-gap-default\">\n\t\t\t\t\t<div class=\"elementor-column elementor-col-100 elementor-top-column elementor-element elementor-element-05c184f\" data-id=\"05c184f\" data-element_type=\"column\">\n\t\t\t<div class=\"elementor-widget-wrap elementor-element-populated\">\n\t\t\t\t\t\t<div class=\"elementor-element elementor-element-843551d elementor-widget elementor-widget-image\" data-id=\"843551d\" data-element_type=\"widget\" data-widget_type=\"image.default\">\n\t\t\t\t<div class=\"elementor-widget-container\">\n\t\t\t\t\t\t\t\t\t\t\t\t\t\t\t<img decoding=\"async\" width=\"737\" height=\"417\" src=\"https:\/\/colsimon.edu.co\/wp-content\/uploads\/2025\/07\/Postal-Bienvenida.jpeg\" class=\"attachment-large size-large wp-image-568\" alt=\"\" srcset=\"https:\/\/colsimon.edu.co\/wp-content\/uploads\/2025\/07\/Postal-Bienvenida.jpeg 737w, https:\/\/colsimon.edu.co\/wp-content\/uploads\/2025\/07\/Postal-Bienvenida-300x170.jpeg 300w\" sizes=\"(max-width: 737px) 100vw, 737px\" \/>\t\t\t\t\t\t\t\t\t\t\t\t\t\t\t<\/div>\n\t\t\t\t<\/div>\n\t\t\t\t\t<\/div>\n\t\t<\/div>\n\t\t\t\t\t<\/div>\n\t\t<\/section>\n\t\t\t\t<section class=\"elementor-section elementor-top-section elementor-element elementor-element-63d5753 elementor-section-boxed elementor-section-height-default elementor-section-height-default\" data-id=\"63d5753\" data-element_type=\"section\">\n\t\t\t\t\t\t<div class=\"elementor-container elementor-column-gap-default\">\n\t\t\t\t\t<div class=\"elementor-column elementor-col-100 elementor-top-column elementor-element elementor-element-2e0e35b\" data-id=\"2e0e35b\" data-element_type=\"column\">\n\t\t\t<div class=\"elementor-widget-wrap elementor-element-populated\">\n\t\t\t\t\t\t<div class=\"elementor-element elementor-element-5d0fb23 elementor-widget elementor-widget-text-editor\" data-id=\"5d0fb23\" data-element_type=\"widget\" data-widget_type=\"text-editor.default\">\n\t\t\t\t<div class=\"elementor-widget-container\">\n\t\t\t\t\t\t\t\t\t<p style=\"font-weight: 400;\"><strong>Bienvenidas y bienvenidos a este proceso de formaci\u00f3n docente.<\/strong><\/p><p style=\"font-weight: 400;\"><br \/>Como parte de nuestra pol\u00edtica institucional en el marco de la educaci\u00f3n inclusiva, en el Colegio Sim\u00f3n Bol\u00edvar hemos dise\u00f1ado una estrategia pensada especialmente para ustedes: una serie de videos breves y fichas de lectura con infograf\u00edas din\u00e1micas, que buscan acompa\u00f1ar y enriquecer su labor en el aula.<\/p><p style=\"font-weight: 400;\">\u00a0\u00a1Gracias por ser parte de esta comunidad comprometida con una educaci\u00f3n que abraza la diversidad!<\/p>\t\t\t\t\t\t\t\t<\/div>\n\t\t\t\t<\/div>\n\t\t\t\t\t<\/div>\n\t\t<\/div>\n\t\t\t\t\t<\/div>\n\t\t<\/section>\n\t\t\t\t<section class=\"elementor-section elementor-top-section elementor-element elementor-element-7f7e04d elementor-section-boxed elementor-section-height-default elementor-section-height-default\" data-id=\"7f7e04d\" data-element_type=\"section\">\n\t\t\t\t\t\t<div class=\"elementor-container elementor-column-gap-default\">\n\t\t\t\t\t<div class=\"elementor-column elementor-col-50 elementor-top-column elementor-element elementor-element-35f675d\" data-id=\"35f675d\" data-element_type=\"column\">\n\t\t\t<div class=\"elementor-widget-wrap elementor-element-populated\">\n\t\t\t\t\t\t<div class=\"elementor-element elementor-element-d643944 elementor-widget elementor-widget-html\" data-id=\"d643944\" data-element_type=\"widget\" data-widget_type=\"html.default\">\n\t\t\t\t<div class=\"elementor-widget-container\">\n\t\t\t\t\t<a href=\"https:\/\/colsimon.edu.co\/wp-content\/uploads\/2025\/07\/Ficha_de_TEA.pdf\" class=\"pdfemb-viewer\" style=\"\" data-width=\"max\" data-height=\"max\" data-toolbar=\"bottom\" data-toolbar-fixed=\"on\">Ficha_de_TEA<\/a>\n<!-- Bot\u00f3n para descargar -->\n<p>\n  <a href=\"https:\/\/colsimon.edu.co\/wp-content\/uploads\/2025\/07\/Ficha_de_TEA.pdf\" download>\n    \ud83d\udc49 Descargar Documento\n  <\/a>\n<\/p>\t\t\t\t<\/div>\n\t\t\t\t<\/div>\n\t\t\t\t\t<\/div>\n\t\t<\/div>\n\t\t\t\t<div class=\"elementor-column elementor-col-50 elementor-top-column elementor-element elementor-element-499dbb5\" data-id=\"499dbb5\" data-element_type=\"column\">\n\t\t\t<div class=\"elementor-widget-wrap\">\n\t\t\t\t\t\t\t<\/div>\n\t\t<\/div>\n\t\t\t\t\t<\/div>\n\t\t<\/section>\n\t\t\t\t<\/div>\n\t\t","protected":false},"excerpt":{"rendered":"<p>COLEGIO SIM\u00d3N BOL\u00cdVAR IED Bienvenidas y bienvenidos a este proceso de formaci\u00f3n docente. Como parte de nuestra pol\u00edtica institucional en [&hellip;]<\/p>\n","protected":false},"author":1,"featured_media":0,"parent":0,"menu_order":0,"comment_status":"closed","ping_status":"closed","template":"elementor_canvas","meta":{"site-sidebar-layout":"no-sidebar","site-content-layout":"","ast-site-content-layout":"full-width-container","site-content-style":"default","site-sidebar-style":"default","ast-global-header-display":"","ast-banner-title-visibility":"","ast-main-header-display":"","ast-hfb-above-header-display":"","ast-hfb-below-header-display":"","ast-hfb-mobile-header-display":"","site-post-title":"disabled","ast-breadcrumbs-content":"","ast-featured-img":"disabled","footer-sml-layout":"","theme-transparent-header-meta":"","adv-header-id-meta":"","stick-header-meta":"","header-above-stick-meta":"","header-main-stick-meta":"","header-below-stick-meta":"","astra-migrate-meta-layouts":"default","ast-page-background-enabled":"default","ast-page-background-meta":{"desktop":{"background-color":"var(--ast-global-color-5)","background-image":"","background-repeat":"repeat","background-position":"center center","background-size":"auto","background-attachment":"scroll","background-type":"","background-media":"","overlay-type":"","overlay-color":"","overlay-opacity":"","overlay-gradient":""},"tablet":{"background-color":"","background-image":"","background-repeat":"repeat","background-position":"center center","background-size":"auto","background-attachment":"scroll","background-type":"","background-media":"","overlay-type":"","overlay-color":"","overlay-opacity":"","overlay-gradient":""},"mobile":{"background-color":"","background-image":"","background-repeat":"repeat","background-position":"center center","background-size":"auto","background-attachment":"scroll","background-type":"","background-media":"","overlay-type":"","overlay-color":"","overlay-opacity":"","overlay-gradient":""}},"ast-content-background-meta":{"desktop":{"background-color":"var(--ast-global-color-4)","background-image":"","background-repeat":"repeat","background-position":"center center","background-size":"auto","background-attachment":"scroll","background-type":"","background-media":"","overlay-type":"","overlay-color":"","overlay-opacity":"","overlay-gradient":""},"tablet":{"background-color":"var(--ast-global-color-4)","background-image":"","background-repeat":"repeat","background-position":"center center","background-size":"auto","background-attachment":"scroll","background-type":"","background-media":"","overlay-type":"","overlay-color":"","overlay-opacity":"","overlay-gradient":""},"mobile":{"background-color":"var(--ast-global-color-4)","background-image":"","background-repeat":"repeat","background-position":"center center","background-size":"auto","background-attachment":"scroll","background-type":"","background-media":"","overlay-type":"","overlay-color":"","overlay-opacity":"","overlay-gradient":""}},"footnotes":""},"class_list":["post-561","page","type-page","status-publish","hentry"],"_links":{"self":[{"href":"https:\/\/colsimon.edu.co\/index.php?rest_route=\/wp\/v2\/pages\/561","targetHints":{"allow":["GET"]}}],"collection":[{"href":"https:\/\/colsimon.edu.co\/index.php?rest_route=\/wp\/v2\/pages"}],"about":[{"href":"https:\/\/colsimon.edu.co\/index.php?rest_route=\/wp\/v2\/types\/page"}],"author":[{"embeddable":true,"href":"https:\/\/colsimon.edu.co\/index.php?rest_route=\/wp\/v2\/users\/1"}],"replies":[{"embeddable":true,"href":"https:\/\/colsimon.edu.co\/index.php?rest_route=%2Fwp%2Fv2%2Fcomments&post=561"}],"version-history":[{"count":19,"href":"https:\/\/colsimon.edu.co\/index.php?rest_route=\/wp\/v2\/pages\/561\/revisions"}],"predecessor-version":[{"id":588,"href":"https:\/\/colsimon.edu.co\/index.php?rest_route=\/wp\/v2\/pages\/561\/revisions\/588"}],"wp:attachment":[{"href":"https:\/\/colsimon.edu.co\/index.php?rest_route=%2Fwp%2Fv2%2Fmedia&parent=561"}],"curies":[{"name":"wp","href":"https:\/\/api.w.org\/{rel}","templated":true}]}}